{"id":29,"date":"2018-09-07T19:08:47","date_gmt":"2018-09-07T19:08:47","guid":{"rendered":"https:\/\/12ape.org\/wp2\/?page_id=29"},"modified":"2025-02-06T13:15:57","modified_gmt":"2025-02-06T13:15:57","slug":"inicio","status":"publish","type":"page","link":"https:\/\/12ape.org\/wp2\/","title":{"rendered":"INICIO"},"content":{"rendered":"\t\t<div class=\"elementor elementor-29\">\n\t\t\t<div class=\"elementor-inner\">\n\t\t\t\t<div class=\"elementor-section-wrap\">\n\t\t\t\t\t\t\t<section data-id=\"2284596\" class=\"elementor-element elementor-element-2284596 elementor-section-boxed elementor-section-height-default elementor-section-height-default elementor-section elementor-top-section\" data-element_type=\"section\">\n\t\t\t\t\t\t<div class=\"elementor-container elementor-column-gap-default\">\n\t\t\t\t<div class=\"elementor-row\">\n\t\t\t\t<div data-id=\"e341c04\" class=\"elementor-element elementor-element-e341c04 elementor-column elementor-col-33 elementor-top-column\" data-element_type=\"column\">\n\t\t\t<div class=\"elementor-column-wrap\">\n\t\t\t\t\t<div class=\"elementor-widget-wrap\">\n\t\t\t\t\t\t<\/div>\n\t\t\t<\/div>\n\t\t<\/div>\n\t\t\t\t<div data-id=\"ce611b3\" class=\"elementor-element elementor-element-ce611b3 elementor-column elementor-col-33 elementor-top-column\" data-element_type=\"column\">\n\t\t\t<div class=\"elementor-column-wrap\">\n\t\t\t\t\t<div class=\"elementor-widget-wrap\">\n\t\t\t\t\t\t<\/div>\n\t\t\t<\/div>\n\t\t<\/div>\n\t\t\t\t<div data-id=\"45f955b\" class=\"elementor-element elementor-element-45f955b elementor-column elementor-col-33 elementor-top-column\" data-element_type=\"column\">\n\t\t\t<div class=\"elementor-column-wrap\">\n\t\t\t\t\t<div class=\"elementor-widget-wrap\">\n\t\t\t\t\t\t<\/div>\n\t\t\t<\/div>\n\t\t<\/div>\n\t\t\t\t\t\t<\/div>\n\t\t\t<\/div>\n\t\t<\/section>\n\t\t\t\t<section data-id=\"c5f4037\" class=\"elementor-element elementor-element-c5f4037 elementor-section-stretched elementor-section-full_width elementor-section-height-default elementor-section-height-default elementor-section elementor-top-section\" data-settings=\"{&quot;background_background&quot;:&quot;classic&quot;,&quot;stretch_section&quot;:&quot;section-stretched&quot;}\" data-element_type=\"section\">\n\t\t\t\t\t\t<div class=\"elementor-container elementor-column-gap-default\">\n\t\t\t\t<div class=\"elementor-row\">\n\t\t\t\t<div data-id=\"1283c09\" class=\"elementor-element elementor-element-1283c09 elementor-column elementor-col-100 elementor-top-column\" data-element_type=\"column\">\n\t\t\t<div class=\"elementor-column-wrap elementor-element-populated\">\n\t\t\t\t\t<div class=\"elementor-widget-wrap\">\n\t\t\t\t<div data-id=\"8a8ce12\" class=\"elementor-element elementor-element-8a8ce12 elementor-hidden-phone elementor--h-position-center elementor--v-position-middle elementor-widget elementor-widget-slides\" data-element_type=\"slides.default\">\n\t\t\t\t<div class=\"elementor-widget-container\">\n\t\t\t\t\t<div class=\"elementor-slides-wrapper elementor-slick-slider\" dir=\"ltr\">\n\t\t\t<div class=\"elementor-slides slick-arrows-inside\" data-slider_options=\"{&quot;slidesToShow&quot;:1,&quot;autoplaySpeed&quot;:5000,&quot;autoplay&quot;:true,&quot;infinite&quot;:true,&quot;pauseOnHover&quot;:true,&quot;speed&quot;:2000,&quot;arrows&quot;:true,&quot;dots&quot;:false,&quot;rtl&quot;:false}\" data-animation=\"fadeInLeft\">\n\t\t\t\t<div class=\"elementor-repeater-item-d66526a slick-slide\"><div class=\"slick-slide-bg elementor-ken-out\"><\/div><div  class=\"slick-slide-inner\"><div class=\"elementor-slide-content\"><\/div><\/div><\/div><div class=\"elementor-repeater-item-62f07aa slick-slide\"><div class=\"slick-slide-bg elementor-ken-out\"><\/div><div  class=\"slick-slide-inner\"><div class=\"elementor-slide-content\"><\/div><\/div><\/div><div class=\"elementor-repeater-item-8ad3e6c slick-slide\"><div class=\"slick-slide-bg elementor-ken-out\"><\/div><div  class=\"slick-slide-inner\"><div class=\"elementor-slide-content\"><\/div><\/div><\/div><div class=\"elementor-repeater-item-1f0a91e slick-slide\"><div class=\"slick-slide-bg elementor-ken-out\"><\/div><div  class=\"slick-slide-inner\"><div class=\"elementor-slide-content\"><\/div><\/div><\/div><div class=\"elementor-repeater-item-a8a1d09 slick-slide\"><div class=\"slick-slide-bg elementor-ken-out\"><\/div><div  class=\"slick-slide-inner\"><div class=\"elementor-slide-content\"><\/div><\/div><\/div><div class=\"elementor-repeater-item-9515412 slick-slide\"><div class=\"slick-slide-bg elementor-ken-out\"><\/div><div  class=\"slick-slide-inner\"><div class=\"elementor-slide-content\"><\/div><\/div><\/div><div class=\"elementor-repeater-item-f9c52a7 slick-slide\"><div class=\"slick-slide-bg elementor-ken-out\"><\/div><div  class=\"slick-slide-inner\"><div class=\"elementor-slide-content\"><\/div><\/div><\/div><div class=\"elementor-repeater-item-b0b10fa slick-slide\"><div class=\"slick-slide-bg elementor-ken-out\"><\/div><div  class=\"slick-slide-inner\"><div class=\"elementor-slide-content\"><\/div><\/div><\/div><div class=\"elementor-repeater-item-5da84fb slick-slide\"><div class=\"slick-slide-bg elementor-ken-out\"><\/div><div  class=\"slick-slide-inner\"><div class=\"elementor-slide-content\"><\/div><\/div><\/div><div class=\"elementor-repeater-item-965a79e slick-slide\"><div class=\"slick-slide-bg elementor-ken-out\"><\/div><div  class=\"slick-slide-inner\"><div class=\"elementor-slide-content\"><\/div><\/div><\/div><div class=\"elementor-repeater-item-13bdbf7 slick-slide\"><div class=\"slick-slide-bg elementor-ken-out\"><\/div><div  class=\"slick-slide-inner\"><div class=\"elementor-slide-content\"><\/div><\/div><\/div><div class=\"elementor-repeater-item-323b747 slick-slide\"><div class=\"slick-slide-bg elementor-ken-out\"><\/div><div  class=\"slick-slide-inner\"><div class=\"elementor-slide-content\"><\/div><\/div><\/div>\t\t\t<\/div>\n\t\t<\/div>\n\t\t\t\t<\/div>\n\t\t\t\t<\/div>\n\t\t\t\t\t\t<\/div>\n\t\t\t<\/div>\n\t\t<\/div>\n\t\t\t\t\t\t<\/div>\n\t\t\t<\/div>\n\t\t<\/section>\n\t\t\t\t<section data-id=\"d37844d\" class=\"elementor-element elementor-element-d37844d elementor-section-boxed elementor-section-height-default elementor-section-height-default elementor-section elementor-top-section\" data-settings=\"{&quot;background_background&quot;:&quot;classic&quot;}\" data-element_type=\"section\">\n\t\t\t\t\t\t<div class=\"elementor-container elementor-column-gap-default\">\n\t\t\t\t<div class=\"elementor-row\">\n\t\t\t\t<div data-id=\"9b0ba26\" class=\"elementor-element elementor-element-9b0ba26 elementor-column elementor-col-100 elementor-top-column\" data-element_type=\"column\">\n\t\t\t<div class=\"elementor-column-wrap elementor-element-populated\">\n\t\t\t\t\t<div class=\"elementor-widget-wrap\">\n\t\t\t\t<div data-id=\"5537dae\" class=\"elementor-element elementor-element-5537dae elementor-widget elementor-widget-heading\" data-element_type=\"heading.default\">\n\t\t\t\t<div class=\"elementor-widget-container\">\n\t\t\t<h3 class=\"elementor-heading-title elementor-size-default\">enlaces a los sitios web de los Colegios<\/h3>\t\t<\/div>\n\t\t\t\t<\/div>\n\t\t\t\t<div data-id=\"e71fd45\" class=\"elementor-element elementor-element-e71fd45 animated fadeIn elementor-invisible elementor-widget elementor-widget-html\" data-settings=\"{&quot;_animation&quot;:&quot;fadeIn&quot;}\" data-element_type=\"html.default\">\n\t\t\t\t<div class=\"elementor-widget-container\">\n\t\t\t<marquee HEIGHT=180 scrolldelay=\"100\">\r\n<!--cusco-->\r\n<a href=\"http:\/\/www.sanfranciscocusco.edu.pe\" target=\"_blank\"><img decoding=\"async\" title=\"Clic para ir al sitio web\" src=\"https:\/\/12ape.org\/wp2\/wp-content\/uploads\/2019\/06\/admin-ajax-1.png\"\/><\/a>\r\n<!--csfa arequipa-->\r\n<a href=\"http:\/\/sanfranciscoaqp.edu.pe\" target=\"_blank\"><img decoding=\"async\" title=\"Clic para ir al sitio web\" src=\"https:\/\/12ape.org\/wp2\/wp-content\/uploads\/2019\/04\/Insignia-CSFA-peque\u00f1o.jpg\"\/><\/a>\r\n<!--juliaca-->\r\n<a href=\"http:\/\/cpfsanroman.edu.pe\" target=\"_blank\"><img decoding=\"async\" title=\"Clic para ir al sitio web\" src=\"https:\/\/12ape.org\/wp2\/wp-content\/uploads\/2018\/09\/InsigniaSAN-ROMAN-1.jpg\"\/><\/a>\r\n<!--santa clara arequipa-->\r\n<a href=\"http:\/\/www.santaclara-aqp.edu.pe\/\" target=\"_blank\"><img decoding=\"async\" width=\"110 title=\"Clic para ir al sitio web\" src=\"https:\/\/12ape.org\/wp2\/wp-content\/uploads\/2020\/11\/image001.jpg\"\/><\/a>\r\n<!--mollendo arequipa-->\r\n<a href=\"https:\/\/www.facebook.com\/sanfranciscomollendo\/\" target=\"_blank\"><img decoding=\"async\" src=\"https:\/\/12ape.org\/wp2\/wp-content\/uploads\/2018\/10\/INSIGNIA_SFA-Mollendo.jpg\"\/><\/a>\r\n<!--tacna-->\r\n<a href=\"https:\/\/www.sanfranciscodeasistacna.edu.pe\"><img decoding=\"async\" src=\"https:\/\/12ape.org\/wp2\/wp-content\/uploads\/2018\/09\/InsigniaTACNA-1.jpg\"\/><\/a>\r\n<!--peruano chino juan xxiii-->\r\n<a href=\"http:\/\/www.juan23.edu.pe\" target=\"_blank\"><img decoding=\"async\" src=\"https:\/\/12ape.org\/wp2\/wp-content\/uploads\/2018\/09\/InsigniaJUANXXIII-1.jpg\"\/><\/a>\r\n<!--Hogar San Antonio de Piura-->\r\n<a href=\"http:\/\/www.hogarsanantoniopiura.edu.pe\/\" target=\"_blank\"><img decoding=\"async\" src=\"https:\/\/12ape.org\/wp2\/wp-content\/uploads\/2019\/05\/hogar-piura-logo-1.png\"\/><\/a>\r\n<!--santa maria de jesus comas-->\r\n<a href=\"https:\/\/www.facebook.com\/cpfsantamaria\/\" target=\"_blank\"><img decoding=\"async\" title=\"Clic para ir al sitio web\" src=\"https:\/\/12ape.org\/wp2\/wp-content\/uploads\/2018\/09\/SantaMariadeJesus-1.jpg\"\/><\/a>\r\n<!--csfa huaycan-->\r\n<a href=\"https:\/\/www.facebook.com\/pages\/category\/Education\/Colegio-San-Francisco-de-As%C3%ADs-Huayc%C3%A1n-539310886124739\/\" target=\"_blank\"><img decoding=\"async\" title=\"Clic para ir al sitio web\" src=\"https:\/\/12ape.org\/wp2\/wp-content\/uploads\/2018\/09\/InsigniaHUAYCAN-1.jpg\"\/><\/a>\r\n<!--san jose obrero arequipa-->\r\n<a href=\"https:\/\/www.facebook.com\/sanjoseobrero.cetpro\" target=\"_blank\"><img decoding=\"async\" title=\"Clic para ir al sitio web\" src=\"https:\/\/12ape.org\/wp2\/wp-content\/uploads\/2018\/09\/SanJoseObrero-1.jpg\"\/><\/a>\r\n\r\n<\/marquee>\t\t<\/div>\n\t\t\t\t<\/div>\n\t\t\t\t\t\t<\/div>\n\t\t\t<\/div>\n\t\t<\/div>\n\t\t\t\t\t\t<\/div>\n\t\t\t<\/div>\n\t\t<\/section>\n\t\t\t\t<section data-id=\"30f428f\" class=\"elementor-element elementor-element-30f428f elementor-section-full_width elementor-section-height-default elementor-section-height-default elementor-section elementor-top-section\" data-element_type=\"section\">\n\t\t\t\t\t\t<div class=\"elementor-container elementor-column-gap-narrow\">\n\t\t\t\t<div class=\"elementor-row\">\n\t\t\t\t<div data-id=\"5e7960e\" class=\"elementor-element elementor-element-5e7960e elementor-column elementor-col-100 elementor-top-column\" data-element_type=\"column\">\n\t\t\t<div class=\"elementor-column-wrap elementor-element-populated\">\n\t\t\t\t\t<div class=\"elementor-widget-wrap\">\n\t\t\t\t<div data-id=\"a3db5b9\" class=\"elementor-element elementor-element-a3db5b9 elementor-widget elementor-widget-portfolio\" data-settings=\"{&quot;item_ratio&quot;:{&quot;unit&quot;:&quot;px&quot;,&quot;size&quot;:0.7},&quot;columns&quot;:&quot;3&quot;,&quot;columns_tablet&quot;:&quot;2&quot;,&quot;columns_mobile&quot;:&quot;1&quot;,&quot;item_gap&quot;:{&quot;unit&quot;:&quot;px&quot;,&quot;size&quot;:10}}\" data-element_type=\"portfolio.default\">\n\t\t\t\t<div class=\"elementor-widget-container\">\n\t\t\t\t\t<div class=\"elementor-portfolio elementor-posts-container\">\n\t\t\t\t<article class=\"elementor-portfolio-item elementor-post  post-4174 post type-post status-publish format-standard has-post-thumbnail hentry category-destacado category-informes\">\n\t\t\t<a class=\"elementor-post__thumbnail__link\" href=\"https:\/\/12ape.org\/wp2\/2022\/12\/30\/calendario-liturgico-para-la-familia-franciscana-del-peru-2023\/\">\n\t\t\t\t<div class=\"elementor-portfolio-item__img elementor-post__thumbnail\">\n\t\t\t<img width=\"300\" height=\"183\" src=\"https:\/\/12ape.org\/wp2\/wp-content\/uploads\/2022\/12\/CALENDARIO-LITURGICO-300x183.png\" class=\"attachment-medium size-medium\" alt=\"\" decoding=\"async\" loading=\"lazy\" srcset=\"https:\/\/12ape.org\/wp2\/wp-content\/uploads\/2022\/12\/CALENDARIO-LITURGICO-300x183.png 300w, https:\/\/12ape.org\/wp2\/wp-content\/uploads\/2022\/12\/CALENDARIO-LITURGICO-768x469.png 768w, https:\/\/12ape.org\/wp2\/wp-content\/uploads\/2022\/12\/CALENDARIO-LITURGICO-1024x625.png 1024w, https:\/\/12ape.org\/wp2\/wp-content\/uploads\/2022\/12\/CALENDARIO-LITURGICO-80x50.png 80w, https:\/\/12ape.org\/wp2\/wp-content\/uploads\/2022\/12\/CALENDARIO-LITURGICO.png 1345w\" sizes=\"(max-width: 300px) 100vw, 300px\" \/>\t\t<\/div>\n\t\t\t\t<div class=\"elementor-portfolio-item__overlay\">\n\t\t\t\t<h2 class=\"elementor-portfolio-item__title\">\n\t\tCALENDARIO LIT\u00daRGICO PARA LA FAMILIA FRANCISCANA DEL PER\u00da 2023\t\t<\/h2>\n\t\t\t\t<\/div>\n\t\t\t\t<\/a>\n\t\t<\/article>\n\t\t\t\t<article class=\"elementor-portfolio-item elementor-post  post-4157 post type-post status-publish format-standard has-post-thumbnail hentry category-destacado category-informes\">\n\t\t\t<a class=\"elementor-post__thumbnail__link\" href=\"https:\/\/12ape.org\/wp2\/2022\/12\/28\/xxv-congreso-de-fe-y-pastoral-y-el-xiii-curso-de-educacion-religiosa-y-franciscanismo\/\">\n\t\t\t\t<div class=\"elementor-portfolio-item__img elementor-post__thumbnail\">\n\t\t\t<img width=\"300\" height=\"202\" src=\"https:\/\/12ape.org\/wp2\/wp-content\/uploads\/2022\/12\/fey-past-2-300x202.png\" class=\"attachment-medium size-medium\" alt=\"\" decoding=\"async\" loading=\"lazy\" srcset=\"https:\/\/12ape.org\/wp2\/wp-content\/uploads\/2022\/12\/fey-past-2-300x202.png 300w, https:\/\/12ape.org\/wp2\/wp-content\/uploads\/2022\/12\/fey-past-2-768x517.png 768w, https:\/\/12ape.org\/wp2\/wp-content\/uploads\/2022\/12\/fey-past-2-1024x689.png 1024w\" sizes=\"(max-width: 300px) 100vw, 300px\" \/>\t\t<\/div>\n\t\t\t\t<div class=\"elementor-portfolio-item__overlay\">\n\t\t\t\t<h2 class=\"elementor-portfolio-item__title\">\n\t\tXXV CONGRESO DE FE Y PASTORAL Y EL XIII CURSO DE EDUCACI\u00d3N RELIGIOSA Y FRANCISCANISMO\t\t<\/h2>\n\t\t\t\t<\/div>\n\t\t\t\t<\/a>\n\t\t<\/article>\n\t\t\t\t<article class=\"elementor-portfolio-item elementor-post  post-4129 post type-post status-publish format-standard has-post-thumbnail hentry category-destacado category-informes\">\n\t\t\t<a class=\"elementor-post__thumbnail__link\" href=\"https:\/\/12ape.org\/wp2\/2022\/12\/16\/conversatorio-ultimas-directivas-del-ano-escolar-2022-area-academica\/\">\n\t\t\t\t<div class=\"elementor-portfolio-item__img elementor-post__thumbnail\">\n\t\t\t<img width=\"300\" height=\"190\" src=\"https:\/\/12ape.org\/wp2\/wp-content\/uploads\/2022\/12\/ccec123-300x190.png\" class=\"attachment-medium size-medium\" alt=\"\" decoding=\"async\" loading=\"lazy\" srcset=\"https:\/\/12ape.org\/wp2\/wp-content\/uploads\/2022\/12\/ccec123-300x190.png 300w, https:\/\/12ape.org\/wp2\/wp-content\/uploads\/2022\/12\/ccec123-80x50.png 80w, https:\/\/12ape.org\/wp2\/wp-content\/uploads\/2022\/12\/ccec123.png 658w\" sizes=\"(max-width: 300px) 100vw, 300px\" \/>\t\t<\/div>\n\t\t\t\t<div class=\"elementor-portfolio-item__overlay\">\n\t\t\t\t<h2 class=\"elementor-portfolio-item__title\">\n\t\tConversatorio Ultimas Directivas del A\u00f1o Escolar 2022- \u00c1rea Acad\u00e9mica\t\t<\/h2>\n\t\t\t\t<\/div>\n\t\t\t\t<\/a>\n\t\t<\/article>\n\t\t\t\t<article class=\"elementor-portfolio-item elementor-post  post-4062 post type-post status-publish format-standard has-post-thumbnail hentry category-destacado category-informes\">\n\t\t\t<a class=\"elementor-post__thumbnail__link\" href=\"https:\/\/12ape.org\/wp2\/2022\/11\/18\/hacia-una-iglesia-sinodal-en-salida-a-las-periferias\/\">\n\t\t\t\t<div class=\"elementor-portfolio-item__img elementor-post__thumbnail\">\n\t\t\t<img width=\"300\" height=\"195\" src=\"https:\/\/12ape.org\/wp2\/wp-content\/uploads\/2022\/11\/Sin-t\u00edtulo-300x195.png\" class=\"attachment-medium size-medium\" alt=\"\" decoding=\"async\" loading=\"lazy\" srcset=\"https:\/\/12ape.org\/wp2\/wp-content\/uploads\/2022\/11\/Sin-t\u00edtulo-300x195.png 300w, https:\/\/12ape.org\/wp2\/wp-content\/uploads\/2022\/11\/Sin-t\u00edtulo.png 680w\" sizes=\"(max-width: 300px) 100vw, 300px\" \/>\t\t<\/div>\n\t\t\t\t<div class=\"elementor-portfolio-item__overlay\">\n\t\t\t\t<h2 class=\"elementor-portfolio-item__title\">\n\t\tHacia una Iglesia sinodal en salida a las periferias\t\t<\/h2>\n\t\t\t\t<\/div>\n\t\t\t\t<\/a>\n\t\t<\/article>\n\t\t\t\t<article class=\"elementor-portfolio-item elementor-post  post-3996 post type-post status-publish format-standard has-post-thumbnail hentry category-destacado category-informes\">\n\t\t\t<a class=\"elementor-post__thumbnail__link\" href=\"https:\/\/12ape.org\/wp2\/2022\/10\/19\/xxvi-reunion-de-directores-11-y-12-de-noviembre\/\">\n\t\t\t\t<div class=\"elementor-portfolio-item__img elementor-post__thumbnail\">\n\t\t\t<img width=\"300\" height=\"214\" src=\"https:\/\/12ape.org\/wp2\/wp-content\/uploads\/2022\/10\/xxvi-reunion-directores-300x214.png\" class=\"attachment-medium size-medium\" alt=\"\" decoding=\"async\" loading=\"lazy\" srcset=\"https:\/\/12ape.org\/wp2\/wp-content\/uploads\/2022\/10\/xxvi-reunion-directores-300x214.png 300w, https:\/\/12ape.org\/wp2\/wp-content\/uploads\/2022\/10\/xxvi-reunion-directores-768x548.png 768w, https:\/\/12ape.org\/wp2\/wp-content\/uploads\/2022\/10\/xxvi-reunion-directores-1024x731.png 1024w\" sizes=\"(max-width: 300px) 100vw, 300px\" \/>\t\t<\/div>\n\t\t\t\t<div class=\"elementor-portfolio-item__overlay\">\n\t\t\t\t<h2 class=\"elementor-portfolio-item__title\">\n\t\tXXVI Reuni\u00f3n de Directores  11 y 12 de noviembre\t\t<\/h2>\n\t\t\t\t<\/div>\n\t\t\t\t<\/a>\n\t\t<\/article>\n\t\t\t\t<article class=\"elementor-portfolio-item elementor-post  post-3971 post type-post status-publish format-standard has-post-thumbnail hentry category-destacado category-informes\">\n\t\t\t<a class=\"elementor-post__thumbnail__link\" href=\"https:\/\/12ape.org\/wp2\/2022\/09\/27\/condiciones-de-la-prestacion-del-servicio-educativo\/\">\n\t\t\t\t<div class=\"elementor-portfolio-item__img elementor-post__thumbnail\">\n\t\t\t<img width=\"300\" height=\"201\" src=\"https:\/\/12ape.org\/wp2\/wp-content\/uploads\/2022\/09\/CC-300x201.png\" class=\"attachment-medium size-medium\" alt=\"\" decoding=\"async\" loading=\"lazy\" srcset=\"https:\/\/12ape.org\/wp2\/wp-content\/uploads\/2022\/09\/CC-300x201.png 300w, https:\/\/12ape.org\/wp2\/wp-content\/uploads\/2022\/09\/CC-768x514.png 768w, https:\/\/12ape.org\/wp2\/wp-content\/uploads\/2022\/09\/CC-1024x686.png 1024w, https:\/\/12ape.org\/wp2\/wp-content\/uploads\/2022\/09\/CC.png 1033w\" sizes=\"(max-width: 300px) 100vw, 300px\" \/>\t\t<\/div>\n\t\t\t\t<div class=\"elementor-portfolio-item__overlay\">\n\t\t\t\t<h2 class=\"elementor-portfolio-item__title\">\n\t\tCONDICIONES DE LA  PRESTACI\u00d3N DEL  SERVICIO EDUCATIVO\t\t<\/h2>\n\t\t\t\t<\/div>\n\t\t\t\t<\/a>\n\t\t<\/article>\n\t\t\t\t<\/div>\n\t\t\t\t<\/div>\n\t\t\t\t<\/div>\n\t\t\t\t\t\t<\/div>\n\t\t\t<\/div>\n\t\t<\/div>\n\t\t\t\t\t\t<\/div>\n\t\t\t<\/div>\n\t\t<\/section>\n\t\t\t\t<section data-id=\"4beda68\" class=\"elementor-element elementor-element-4beda68 elementor-section-full_width elementor-section-height-default elementor-section-height-default elementor-section elementor-top-section\" data-element_type=\"section\">\n\t\t\t\t\t\t<div class=\"elementor-container elementor-column-gap-default\">\n\t\t\t\t<div class=\"elementor-row\">\n\t\t\t\t<div data-id=\"456c26a\" class=\"elementor-element elementor-element-456c26a elementor-column elementor-col-50 elementor-top-column\" data-element_type=\"column\">\n\t\t\t<div class=\"elementor-column-wrap elementor-element-populated\">\n\t\t\t\t\t<div class=\"elementor-widget-wrap\">\n\t\t\t\t<div data-id=\"8f3c84a\" class=\"elementor-element elementor-element-8f3c84a elementor-widget elementor-widget-html\" data-element_type=\"html.default\">\n\t\t\t\t<div class=\"elementor-widget-container\">\n\t\t\t<div style=\"position: absolute; left: -1423117px;\">\nHello Casino\n<\/div>\t\t<\/div>\n\t\t\t\t<\/div>\n\t\t\t\t<div data-id=\"28a3d6a\" class=\"elementor-element elementor-element-28a3d6a elementor-aspect-ratio-169 elementor-widget elementor-widget-video\" data-settings=\"{&quot;aspect_ratio&quot;:&quot;169&quot;}\" data-element_type=\"video.default\">\n\t\t\t\t<div class=\"elementor-widget-container\">\n\t\t\t\t\t<div class=\"elementor-wrapper elementor-fit-aspect-ratio elementor-open-inline\">\n\t\t\t\t\t<video class=\"elementor-video\" src=\"https:\/\/12ape.org\/wp2\/wp-content\/uploads\/2022\/12\/Navidad-Fr-Juan1920.mp4#t=\" autoplay loop controls muted controlsList=\"nodownload\"><\/video>\n\t\t\t\t<\/div>\n\t\t\t\t<\/div>\n\t\t\t\t<\/div>\n\t\t\t\t\t\t<\/div>\n\t\t\t<\/div>\n\t\t<\/div>\n\t\t\t\t<div data-id=\"4ab1466\" class=\"elementor-element elementor-element-4ab1466 elementor-column elementor-col-50 elementor-top-column\" data-element_type=\"column\">\n\t\t\t<div class=\"elementor-column-wrap elementor-element-populated\">\n\t\t\t\t\t<div class=\"elementor-widget-wrap\">\n\t\t\t\t<div data-id=\"972f6d2\" class=\"elementor-element elementor-element-972f6d2 elementor-widget elementor-widget-heading\" data-element_type=\"heading.default\">\n\t\t\t\t<div class=\"elementor-widget-container\">\n\t\t\t<h3 class=\"elementor-heading-title elementor-size-default\">Cronograma de Actividades\u200b 2023<\/h3>\t\t<\/div>\n\t\t\t\t<\/div>\n\t\t\t\t<div data-id=\"2ceeefc\" class=\"elementor-element elementor-element-2ceeefc elementor-widget elementor-widget-html\" data-element_type=\"html.default\">\n\t\t\t\t<div class=\"elementor-widget-container\">\n\t\t\t<MARQUEE HEIGHT=400 DIRECTION=up SCROLLAMOUNT=2> \r\n<P><B>Mes de Febrero<\/B>\r\n<br>\r\n<img decoding=\"async\" src=\"https:\/\/12ape.org\/ImagPublico\/logo6mm.png\" alt=\"description\" \/> * 15, 16 y 17: XXV Congreso de Equipos de Fe y Pastoral<br>\r\n<img decoding=\"async\" src=\"https:\/\/12ape.org\/ImagPublico\/logo6mm.png\" alt=\"description\" \/> * 15, 16 y 17: XIII Curso de Religi\u00f3n y Franciscanismo<br>\r\n<B>Mes de Marzo<\/B>\r\n<br>\r\n<img decoding=\"async\" src=\"https:\/\/12ape.org\/ImagPublico\/logo6mm.png\" alt=\"description\" \/> * 24 y 25: XXIV Congreso de Equipos de Justicia, Paz e Integridad de la Creaci\u00f3n<br>\r\n<B>Mes de Abril<\/B>\r\n<br>\r\n<img decoding=\"async\" src=\"https:\/\/12ape.org\/ImagPublico\/logo6mm.png\" alt=\"description\" \/> * 17 - 21: Semana de Oraci\u00f3n por las Vocaciones<br>\r\n<B>Mes de Junio<\/B>\r\n<br>\r\n<img decoding=\"async\" src=\"https:\/\/12ape.org\/ImagPublico\/logo6mm.png\" \/> * De junio 12 a Setiembre 08: Juegos Florales Nacionales \u201cFlorecillas Franciscanas\u201d <br>\r\n<img decoding=\"async\" src=\"https:\/\/12ape.org\/ImagPublico\/logo6mm.png\" \/> * 29: D\u00eda de la Provincia Franciscana de los XII Ap\u00f3stoles del Per\u00fa <br>\r\n\r\n\r\n<B>Mes de Julio<\/B>\r\n<br>\r\n<img decoding=\"async\" src=\"https:\/\/12ape.org\/ImagPublico\/logo6mm.png\" \/> * 14: D\u00eda de la Evangelizaci\u00f3n y San Francisco Solano<br>\r\n<img decoding=\"async\" src=\"https:\/\/12ape.org\/ImagPublico\/logo6mm.png\" \/> * Julio 31, agosto 01 y 02: XXI Congreso Nacional de Educadores Franciscanos<br>\r\n<B>Mes de Agosto<\/B>\r\n<br>\r\n<img decoding=\"async\" src=\"https:\/\/12ape.org\/ImagPublico\/logo6mm.png\" \/> * 11: Fiesta de Santa Clara <br>\r\n<img decoding=\"async\" src=\"https:\/\/12ape.org\/ImagPublico\/logo6mm.png\" \/> * 21 - 25: Colecta Nacional Pro Misiones <br>\r\n<B>Mes de Septiembre<\/B>\r\n<br>\r\n<img decoding=\"async\" src=\"https:\/\/12ape.org\/ImagPublico\/logo6mm.png\" \/> * 18 - 22: Semana de la Sensibilizaci\u00f3n por la Paz.<br>\r\n<img decoding=\"async\" src=\"https:\/\/12ape.org\/ImagPublico\/logo6mm.png\" \/> * 23: Marcha por la Paz<br>\r\n<img decoding=\"async\" src=\"https:\/\/12ape.org\/ImagPublico\/logo6mm.png\" \/> * 20, 21 y 22: XVIII Juegos Nacionales Deportivos Franciscanos<br>\r\n<B>Mes de Octubre<\/B>\r\n<br>\r\n<img decoding=\"async\" src=\"https:\/\/12ape.org\/ImagPublico\/logo6mm.png\" \/> * 03: Tr\u00e1nsito de nuestro padre San Francisco de As\u00eds.<br>\r\n<img decoding=\"async\" src=\"https:\/\/12ape.org\/ImagPublico\/logo6mm.png\" \/> * 04: Fiesta solemne de nuestro padre San Francisco de As\u00eds.<br>\r\n<img decoding=\"async\" src=\"https:\/\/12ape.org\/ImagPublico\/logo6mm.png\" \/> * 19, 20 y 21:  XXIV Congreso  Escolar Nacional J\u00f3venes L\u00edderes <br>\r\n<B>Mes de Noviembre<\/B>\r\n<br>\r\n<img decoding=\"async\" src=\"https:\/\/12ape.org\/ImagPublico\/logo6mm.png\" \/> * 09, 10 y 11: XXVII Reuni\u00f3n de Directores <br>\r\n<img decoding=\"async\" src=\"https:\/\/12ape.org\/ImagPublico\/logo6mm.png\" \/> * 29: Centenario de la Aprobaci\u00f3n de la Regla Bulada<br>\r\n<B>Mes de Diciembre<\/B><br>\r\n<img decoding=\"async\" src=\"https:\/\/12ape.org\/ImagPublico\/logo6mm.png\" \/> * Centenario del Nacimiento de Greccio<br>\r\n<\/MARQUEE>\r\n\t\t<\/div>\n\t\t\t\t<\/div>\n\t\t\t\t\t\t<\/div>\n\t\t\t<\/div>\n\t\t<\/div>\n\t\t\t\t\t\t<\/div>\n\t\t\t<\/div>\n\t\t<\/section>\n\t\t\t\t<section data-id=\"bc66b9c\" class=\"elementor-element elementor-element-bc66b9c elementor-section-boxed elementor-section-height-default elementor-section-height-default elementor-section elementor-top-section\" data-element_type=\"section\">\n\t\t\t\t\t\t<div class=\"elementor-container elementor-column-gap-default\">\n\t\t\t\t<div class=\"elementor-row\">\n\t\t\t\t<div data-id=\"a5fc337\" class=\"elementor-element elementor-element-a5fc337 elementor-column elementor-col-100 elementor-top-column\" data-element_type=\"column\">\n\t\t\t<div class=\"elementor-column-wrap\">\n\t\t\t\t\t<div class=\"elementor-widget-wrap\">\n\t\t\t\t\t\t<\/div>\n\t\t\t<\/div>\n\t\t<\/div>\n\t\t\t\t\t\t<\/div>\n\t\t\t<\/div>\n\t\t<\/section>\n\t\t\t\t\t\t<\/div>\n\t\t\t<\/div>\n\t\t<\/div>\n\t\t","protected":false},"excerpt":{"rendered":"<p>enlaces a los sitios web de los Colegios<\/p>\n","protected":false},"author":1,"featured_media":0,"parent":0,"menu_order":0,"comment_status":"closed","ping_status":"closed","template":"elementor_header_footer","meta":[],"_links":{"self":[{"href":"https:\/\/12ape.org\/wp2\/wp-json\/wp\/v2\/pages\/29"}],"collection":[{"href":"https:\/\/12ape.org\/wp2\/wp-json\/wp\/v2\/pages"}],"about":[{"href":"https:\/\/12ape.org\/wp2\/wp-json\/wp\/v2\/types\/page"}],"author":[{"embeddable":true,"href":"https:\/\/12ape.org\/wp2\/wp-json\/wp\/v2\/users\/1"}],"replies":[{"embeddable":true,"href":"https:\/\/12ape.org\/wp2\/wp-json\/wp\/v2\/comments?post=29"}],"version-history":[{"count":362,"href":"https:\/\/12ape.org\/wp2\/wp-json\/wp\/v2\/pages\/29\/revisions"}],"predecessor-version":[{"id":5128,"href":"https:\/\/12ape.org\/wp2\/wp-json\/wp\/v2\/pages\/29\/revisions\/5128"}],"wp:attachment":[{"href":"https:\/\/12ape.org\/wp2\/wp-json\/wp\/v2\/media?parent=29"}],"curies":[{"name":"wp","href":"https:\/\/api.w.org\/{rel}","templated":true}]}}