{"id":3050,"date":"2021-06-21T14:22:58","date_gmt":"2021-06-21T14:22:58","guid":{"rendered":"https:\/\/12ape.org\/wp2\/?page_id=3050"},"modified":"2021-06-21T14:32:55","modified_gmt":"2021-06-21T14:32:55","slug":"documentos-educativos","status":"publish","type":"page","link":"https:\/\/12ape.org\/wp2\/documentos-educativos\/","title":{"rendered":"DOCUMENTOS EDUCATIVOS"},"content":{"rendered":"\t\t<div class=\"elementor elementor-3050\">\n\t\t\t<div class=\"elementor-inner\">\n\t\t\t\t<div class=\"elementor-section-wrap\">\n\t\t\t\t\t\t\t<section data-id=\"48104fe\" class=\"elementor-element elementor-element-48104fe elementor-section-boxed elementor-section-height-default elementor-section-height-default elementor-section elementor-top-section\" data-element_type=\"section\">\n\t\t\t\t\t\t<div class=\"elementor-container elementor-column-gap-default\">\n\t\t\t\t<div class=\"elementor-row\">\n\t\t\t\t<div data-id=\"562288f\" class=\"elementor-element elementor-element-562288f elementor-column elementor-col-66 elementor-top-column\" data-element_type=\"column\">\n\t\t\t<div class=\"elementor-column-wrap elementor-element-populated\">\n\t\t\t\t\t<div class=\"elementor-widget-wrap\">\n\t\t\t\t<div data-id=\"1c86bdf\" class=\"elementor-element elementor-element-1c86bdf elementor-widget elementor-widget-heading\" data-element_type=\"heading.default\">\n\t\t\t\t<div class=\"elementor-widget-container\">\n\t\t\t<h2 class=\"elementor-heading-title elementor-size-default\">DOCUMENTOS EDUCATIVOS<\/h2>\t\t<\/div>\n\t\t\t\t<\/div>\n\t\t\t\t<div data-id=\"5355623\" class=\"elementor-element elementor-element-5355623 elementor-widget elementor-widget-icon-list\" data-element_type=\"icon-list.default\">\n\t\t\t\t<div class=\"elementor-widget-container\">\n\t\t\t\t\t<ul class=\"elementor-icon-list-items\">\n\t\t\t\t\t\t\t<li class=\"elementor-icon-list-item\" >\n\t\t\t\t\t<a href=\"https:\/\/12ape.org\/wp2\/wp-content\/uploads\/2021\/06\/Resoluci\u00f3n-Viceministerial-N\u00b0-169-2021-MINEDU.pdf-Educaci\u00f3n-Sexual.pdf\" target=\"_blank\">\t\t\t\t\t\t<span class=\"elementor-icon-list-icon\">\n\t\t\t\t\t\t\t<i class=\"fa fa-check\" aria-hidden=\"true\"><\/i>\n\t\t\t\t\t\t<\/span>\n\t\t\t\t\t\t\t\t\t\t<span class=\"elementor-icon-list-text\">RESOLUCI\u00d3N VICEMINISTERIAL N\u00b0 169-2021-MINEDU.PDF-EDUCACI\u00d3N SEXUAL.<\/span>\n\t\t\t\t\t\t\t\t\t\t\t<\/a>\n\t\t\t\t\t\t\t\t\t<\/li>\n\t\t\t\t\t\t\t\t<li class=\"elementor-icon-list-item\" >\n\t\t\t\t\t<a href=\"https:\/\/12ape.org\/wp2\/wp-content\/uploads\/2021\/06\/Educaci\u00f3n-Sexual-Integral-RVM169-Juana-Scarsi-Directora-Pedag\u00f3gica.pdf\" target=\"_blank\">\t\t\t\t\t\t<span class=\"elementor-icon-list-icon\">\n\t\t\t\t\t\t\t<i class=\"fa fa-check\" aria-hidden=\"true\"><\/i>\n\t\t\t\t\t\t<\/span>\n\t\t\t\t\t\t\t\t\t\t<span class=\"elementor-icon-list-text\">EDUCACI\u00d3N SEXUAL INTEGRAL RVM169 - JUANA SCARSI (DIRECTORA PEDAG\u00d3GICA).<\/span>\n\t\t\t\t\t\t\t\t\t\t\t<\/a>\n\t\t\t\t\t\t\t\t\t<\/li>\n\t\t\t\t\t\t\t\t<li class=\"elementor-icon-list-item\" >\n\t\t\t\t\t<a href=\"https:\/\/12ape.org\/wp2\/wp-content\/uploads\/2021\/06\/Educar-para-la-identidad-y-la-ciudadan\u00eda-plena-Idel-Vexler.pdf\" target=\"_blank\">\t\t\t\t\t\t<span class=\"elementor-icon-list-icon\">\n\t\t\t\t\t\t\t<i class=\"fa fa-check\" aria-hidden=\"true\"><\/i>\n\t\t\t\t\t\t<\/span>\n\t\t\t\t\t\t\t\t\t\t<span class=\"elementor-icon-list-text\">EDUCAR PARA LA IDENTIDAD Y LA CIUDADAN\u00cdA PLENA - IDEL VEXLER.<\/span>\n\t\t\t\t\t\t\t\t\t\t\t<\/a>\n\t\t\t\t\t\t\t\t\t<\/li>\n\t\t\t\t\t\t<\/ul>\n\t\t\t\t<\/div>\n\t\t\t\t<\/div>\n\t\t\t\t\t\t<\/div>\n\t\t\t<\/div>\n\t\t<\/div>\n\t\t\t\t<div data-id=\"e84417f\" class=\"elementor-element elementor-element-e84417f elementor-column elementor-col-33 elementor-top-column\" data-element_type=\"column\">\n\t\t\t<div class=\"elementor-column-wrap elementor-element-populated\">\n\t\t\t\t\t<div class=\"elementor-widget-wrap\">\n\t\t\t\t<div data-id=\"22a00a3\" class=\"elementor-element elementor-element-22a00a3 elementor-widget elementor-widget-image\" data-element_type=\"image.default\">\n\t\t\t\t<div class=\"elementor-widget-container\">\n\t\t\t\t\t<div class=\"elementor-image\">\n\t\t\t\t\t\t\t\t\t\t<img width=\"650\" height=\"528\" src=\"https:\/\/12ape.org\/wp2\/wp-content\/uploads\/2021\/06\/ConsultEdu_800x650.png\" class=\"attachment-large size-large\" alt=\"\" decoding=\"async\" loading=\"lazy\" srcset=\"https:\/\/12ape.org\/wp2\/wp-content\/uploads\/2021\/06\/ConsultEdu_800x650.png 650w, https:\/\/12ape.org\/wp2\/wp-content\/uploads\/2021\/06\/ConsultEdu_800x650-300x244.png 300w\" sizes=\"(max-width: 650px) 100vw, 650px\" \/>\t\t\t\t\t\t\t\t\t\t\t<\/div>\n\t\t\t\t<\/div>\n\t\t\t\t<\/div>\n\t\t\t\t\t\t<\/div>\n\t\t\t<\/div>\n\t\t<\/div>\n\t\t\t\t\t\t<\/div>\n\t\t\t<\/div>\n\t\t<\/section>\n\t\t\t\t<section data-id=\"561c99a\" class=\"elementor-element elementor-element-561c99a elementor-section-boxed elementor-section-height-default elementor-section-height-default elementor-section elementor-top-section\" data-element_type=\"section\">\n\t\t\t\t\t\t<div class=\"elementor-container elementor-column-gap-default\">\n\t\t\t\t<div class=\"elementor-row\">\n\t\t\t\t<div data-id=\"8e48b85\" class=\"elementor-element elementor-element-8e48b85 elementor-column elementor-col-100 elementor-top-column\" data-element_type=\"column\">\n\t\t\t<div class=\"elementor-column-wrap\">\n\t\t\t\t\t<div class=\"elementor-widget-wrap\">\n\t\t\t\t\t\t<\/div>\n\t\t\t<\/div>\n\t\t<\/div>\n\t\t\t\t\t\t<\/div>\n\t\t\t<\/div>\n\t\t<\/section>\n\t\t\t\t\t\t<\/div>\n\t\t\t<\/div>\n\t\t<\/div>\n\t\t","protected":false},"excerpt":{"rendered":"<p>DOCUMENTOS EDUCATIVOS RESOLUCI\u00d3N VICEMINISTERIAL N\u00b0 169-2021-MINEDU.PDF-EDUCACI\u00d3N SEXUAL. EDUCACI\u00d3N SEXUAL INTEGRAL RVM169 &#8211; JUANA SCARSI (DIRECTORA PEDAG\u00d3GICA). EDUCAR PARA LA IDENTIDAD Y LA CIUDADAN\u00cdA PLENA &#8211; IDEL VEXLER.<\/p>\n","protected":false},"author":1,"featured_media":0,"parent":0,"menu_order":0,"comment_status":"closed","ping_status":"closed","template":"elementor_header_footer","meta":[],"_links":{"self":[{"href":"https:\/\/12ape.org\/wp2\/wp-json\/wp\/v2\/pages\/3050"}],"collection":[{"href":"https:\/\/12ape.org\/wp2\/wp-json\/wp\/v2\/pages"}],"about":[{"href":"https:\/\/12ape.org\/wp2\/wp-json\/wp\/v2\/types\/page"}],"author":[{"embeddable":true,"href":"https:\/\/12ape.org\/wp2\/wp-json\/wp\/v2\/users\/1"}],"replies":[{"embeddable":true,"href":"https:\/\/12ape.org\/wp2\/wp-json\/wp\/v2\/comments?post=3050"}],"version-history":[{"count":4,"href":"https:\/\/12ape.org\/wp2\/wp-json\/wp\/v2\/pages\/3050\/revisions"}],"predecessor-version":[{"id":3059,"href":"https:\/\/12ape.org\/wp2\/wp-json\/wp\/v2\/pages\/3050\/revisions\/3059"}],"wp:attachment":[{"href":"https:\/\/12ape.org\/wp2\/wp-json\/wp\/v2\/media?parent=3050"}],"curies":[{"name":"wp","href":"https:\/\/api.w.org\/{rel}","templated":true}]}}